{"id":15255,"date":"2015-02-05T16:08:22","date_gmt":"2015-02-05T16:08:22","guid":{"rendered":"http:\/\/demo.qodeinteractive.com\/bridge62\/?page_id=15255"},"modified":"2020-06-17T15:18:08","modified_gmt":"2020-06-17T13:18:08","slug":"chisiamo","status":"publish","type":"page","link":"https:\/\/kitchenice.it\/?page_id=15255","title":{"rendered":"Chi siamo"},"content":{"rendered":"<p>[vc_row css_animation=&#8221;&#8221; row_type=&#8221;row&#8221; use_row_as_full_screen_section=&#8221;no&#8221; type=&#8221;grid&#8221; angled_section=&#8221;no&#8221; text_align=&#8221;left&#8221; background_image_as_pattern=&#8221;without_pattern&#8221; padding_top=&#8221;55&#8243; padding_bottom=&#8221;55&#8243;][vc_column][vc_column_text]<\/p>\n<h1 style=\"text-align: center;\">CHI SIAMO<\/h1>\n<p>[\/vc_column_text][vc_separator type=&#8221;transparent&#8221; up=&#8221;13&#8243;][vc_column_text]<\/p>\n<p style=\"text-align: center;\">Kitchen Ice \u00e8 la gelateria che si scosta dal nostro tempo, dove il cibo \u00e8 diventato di moda ma anche per questo ne risente di omologazione e qualit\u00e0\u0300. Il focus \u00e8 il rispetto della tradizione con l\u2019utilizzo di ingredienti tipici e genuini, mantra ormai troppo ascoltato ma che qui in Kitchen Ice viene enfatizzato ed ottenuto riducendo all\u2019essenziale i gusti proposti. Dieci creme, la frutta di stagione e le granite classiche.<\/p>\n<p>[\/vc_column_text][vc_separator type=&#8221;transparent&#8221; up=&#8221;13&#8243;]<blockquote class=' with_quote_icon' style=''><i class='fa fa-quote-right' style=''><\/i><h5 class='blockquote-text' style=''>Il gelato - sostiene l\u2019ideatore della gelateria e di Kalamaro Group Gabriele Urbinati - \u00e8 una cosa semplice: latte, panna, zucchero, uova e gli ingredienti per diversificare i gusti che siano cioccolato, caff\u00e8 o nocciola. Poi come in tutte le cose semplici, per essere fatte a regola d\u2019arte, bisogna essere precisi e decisi. Decisi nella selezione e nella ricerca delle materie prime, sempre fresche e di qualit\u00e0 superiore. Precisi nella creazione quasi alchemica del gelato. Solo cos\u00ec si ottiene un prodotto che si differenzia dagli altri.<\/h5><\/blockquote>[vc_separator type=&#8221;transparent&#8221; up=&#8221;88&#8243;][vc_column_text]<\/p>\n<p style=\"text-align: center;\">La vera novit\u00e0 di Kitchen Ice per\u00f2 risiede nella preparazione: si torna a cucinare il gelato nelle pentole, sui fuochi esposti a vista nel locale, che in questo modo sostituiscono i procedimenti meccanici di pastorizzazione. \u00a0Dopo aver \u201ccucinato il gelato\u201d tutto il composto viene portato nei mantecatori a pala, sempre visibili al pubblico, dove grazie ad una tradizionale lenta lavorazione, avviene la magia e da liquido si trasforma in soffice gelato.<\/p>\n<p>[\/vc_column_text][vc_separator type=&#8221;transparent&#8221; up=&#8221;88&#8243;][vc_column_text]<\/p>\n<p style=\"text-align: center;\">La tradizione del gelato italiano in Kitchen Ice \u00e8 presente in ogni dettaglio con uno sguardo alla contemporanea data dal nome stesso, dall&#8217;accurato studio del <a href=\"http:\/\/www.orologireplicasiti.com\">replica orologi<\/a> marchio passando per la location progettata dall\u2019Architetto Giovanni Cenni, noto nel settore della moda e della ristorazione per le sue realizzazioni sempre perfette e raffinate.<br \/>\nL\u2019utilizzo di prodotti freschi e di prima scelta assicura la massima genuinit\u00e0\u0300 garantendo attenzione verso il consumatore finale, che in tutta sicurezza pu\u00f2\u0300 estendere la sua esperienza di gusto alla tutta la sua cerchia affettiva. Tutte le proposte inoltre sono gluten free ed i prodotti scelti sono esclusivamente italiani. Ora per sapere se \u00e8 buono non vi resta che venire ad assaggiarlo!<\/p>\n<p>[\/vc_column_text][vc_separator type=&#8221;transparent&#8221; up=&#8221;88&#8243;][\/vc_column][\/vc_row][vc_row css_animation=&#8221;&#8221; row_type=&#8221;row&#8221; use_row_as_full_screen_section=&#8221;no&#8221; type=&#8221;grid&#8221; angled_section=&#8221;no&#8221; text_align=&#8221;left&#8221; background_image_as_pattern=&#8221;without_pattern&#8221; background_color=&#8221;#eaeaea&#8221;][vc_column][vc_separator type=&#8221;transparent&#8221; up=&#8221;88&#8243;][\/vc_column][\/vc_row][vc_row css_animation=&#8221;&#8221; row_type=&#8221;row&#8221; use_row_as_full_screen_section=&#8221;no&#8221; type=&#8221;full_width&#8221; angled_section=&#8221;no&#8221; text_align=&#8221;left&#8221; background_image_as_pattern=&#8221;without_pattern&#8221;][vc_column][vc_gallery type=&#8221;image_grid&#8221; images=&#8221;15594,15593,15595,15597,15596,15601,15603,15607&#8243; img_size=&#8221;300&#215;220&#8243; column_number=&#8221;4&#8243; grayscale=&#8221;no&#8221; images_space=&#8221;gallery_without_space&#8221;][\/vc_column][\/vc_row]<\/p>\n","protected":false},"excerpt":{"rendered":"<p>[vc_row css_animation=&#8221;&#8221; row_type=&#8221;row&#8221; use_row_as_full_screen_section=&#8221;no&#8221; type=&#8221;grid&#8221; angled_section=&#8221;no&#8221; text_align=&#8221;left&#8221; background_image_as_pattern=&#8221;without_pattern&#8221; padding_top=&#8221;55&#8243; padding_bottom=&#8221;55&#8243;][vc_column][vc_column_text] CHI SIAMO [\/vc_column_text][vc_separator type=&#8221;transparent&#8221; up=&#8221;13&#8243;][vc_column_text] Kitchen Ice \u00e8 la gelateria che si scosta dal nostro tempo, dove il cibo \u00e8 diventato di moda ma anche per questo ne risente di omologazione e qualit\u00e0\u0300. Il focus&#8230;<\/p>\n","protected":false},"author":6,"featured_media":0,"parent":0,"menu_order":0,"comment_status":"open","ping_status":"open","template":"full_width.php","meta":{"footnotes":""},"class_list":["post-15255","page","type-page","status-publish","hentry"],"yoast_head":"<!-- This site is optimized with the Yoast SEO plugin v23.0 - https:\/\/yoast.com\/wordpress\/plugins\/seo\/ -->\n<title>Chi siamo - kitchenice.it<\/title>\n<meta name=\"robots\" content=\"index, follow, max-snippet:-1, max-image-preview:large, max-video-preview:-1\" \/>\n<link rel=\"canonical\" href=\"https:\/\/kitchenice.it\/?page_id=15255\" \/>\n<meta property=\"og:locale\" content=\"it_IT\" \/>\n<meta property=\"og:type\" content=\"article\" \/>\n<meta property=\"og:title\" content=\"Chi siamo - kitchenice.it\" \/>\n<meta property=\"og:description\" content=\"[vc_row css_animation=&#8221;&#8221; row_type=&#8221;row&#8221; use_row_as_full_screen_section=&#8221;no&#8221; type=&#8221;grid&#8221; angled_section=&#8221;no&#8221; text_align=&#8221;left&#8221; background_image_as_pattern=&#8221;without_pattern&#8221; padding_top=&#8221;55&#8243; padding_bottom=&#8221;55&#8243;][vc_column][vc_column_text] CHI SIAMO [\/vc_column_text][vc_separator type=&#8221;transparent&#8221; up=&#8221;13&#8243;][vc_column_text] Kitchen Ice \u00e8 la gelateria che si scosta dal nostro tempo, dove il cibo \u00e8 diventato di moda ma anche per questo ne risente di omologazione e qualit\u00e0\u0300. Il focus...\" \/>\n<meta property=\"og:url\" content=\"https:\/\/kitchenice.it\/?page_id=15255\" \/>\n<meta property=\"og:site_name\" content=\"kitchenice.it\" \/>\n<meta property=\"article:modified_time\" content=\"2020-06-17T13:18:08+00:00\" \/>\n<meta name=\"twitter:card\" content=\"summary_large_image\" \/>\n<meta name=\"twitter:label1\" content=\"Tempo di lettura stimato\" \/>\n\t<meta name=\"twitter:data1\" content=\"3 minuti\" \/>\n<script type=\"application\/ld+json\" class=\"yoast-schema-graph\">{\"@context\":\"https:\/\/schema.org\",\"@graph\":[{\"@type\":\"WebPage\",\"@id\":\"https:\/\/kitchenice.it\/?page_id=15255\",\"url\":\"https:\/\/kitchenice.it\/?page_id=15255\",\"name\":\"Chi siamo - kitchenice.it\",\"isPartOf\":{\"@id\":\"https:\/\/kitchenice.it\/#website\"},\"datePublished\":\"2015-02-05T16:08:22+00:00\",\"dateModified\":\"2020-06-17T13:18:08+00:00\",\"breadcrumb\":{\"@id\":\"https:\/\/kitchenice.it\/?page_id=15255#breadcrumb\"},\"inLanguage\":\"it-IT\",\"potentialAction\":[{\"@type\":\"ReadAction\",\"target\":[\"https:\/\/kitchenice.it\/?page_id=15255\"]}]},{\"@type\":\"BreadcrumbList\",\"@id\":\"https:\/\/kitchenice.it\/?page_id=15255#breadcrumb\",\"itemListElement\":[{\"@type\":\"ListItem\",\"position\":1,\"name\":\"Home\",\"item\":\"https:\/\/kitchenice.it\/\"},{\"@type\":\"ListItem\",\"position\":2,\"name\":\"Chi siamo\"}]},{\"@type\":\"WebSite\",\"@id\":\"https:\/\/kitchenice.it\/#website\",\"url\":\"https:\/\/kitchenice.it\/\",\"name\":\"kitchenice.it\",\"description\":\"Gelato Cucinato - Riccione\",\"potentialAction\":[{\"@type\":\"SearchAction\",\"target\":{\"@type\":\"EntryPoint\",\"urlTemplate\":\"https:\/\/kitchenice.it\/?s={search_term_string}\"},\"query-input\":\"required name=search_term_string\"}],\"inLanguage\":\"it-IT\"}]}<\/script>\n<!-- \/ Yoast SEO plugin. -->","yoast_head_json":{"title":"Chi siamo - kitchenice.it","robots":{"index":"index","follow":"follow","max-snippet":"max-snippet:-1","max-image-preview":"max-image-preview:large","max-video-preview":"max-video-preview:-1"},"canonical":"https:\/\/kitchenice.it\/?page_id=15255","og_locale":"it_IT","og_type":"article","og_title":"Chi siamo - kitchenice.it","og_description":"[vc_row css_animation=&#8221;&#8221; row_type=&#8221;row&#8221; use_row_as_full_screen_section=&#8221;no&#8221; type=&#8221;grid&#8221; angled_section=&#8221;no&#8221; text_align=&#8221;left&#8221; background_image_as_pattern=&#8221;without_pattern&#8221; padding_top=&#8221;55&#8243; padding_bottom=&#8221;55&#8243;][vc_column][vc_column_text] CHI SIAMO [\/vc_column_text][vc_separator type=&#8221;transparent&#8221; up=&#8221;13&#8243;][vc_column_text] Kitchen Ice \u00e8 la gelateria che si scosta dal nostro tempo, dove il cibo \u00e8 diventato di moda ma anche per questo ne risente di omologazione e qualit\u00e0\u0300. Il focus...","og_url":"https:\/\/kitchenice.it\/?page_id=15255","og_site_name":"kitchenice.it","article_modified_time":"2020-06-17T13:18:08+00:00","twitter_card":"summary_large_image","twitter_misc":{"Tempo di lettura stimato":"3 minuti"},"schema":{"@context":"https:\/\/schema.org","@graph":[{"@type":"WebPage","@id":"https:\/\/kitchenice.it\/?page_id=15255","url":"https:\/\/kitchenice.it\/?page_id=15255","name":"Chi siamo - kitchenice.it","isPartOf":{"@id":"https:\/\/kitchenice.it\/#website"},"datePublished":"2015-02-05T16:08:22+00:00","dateModified":"2020-06-17T13:18:08+00:00","breadcrumb":{"@id":"https:\/\/kitchenice.it\/?page_id=15255#breadcrumb"},"inLanguage":"it-IT","potentialAction":[{"@type":"ReadAction","target":["https:\/\/kitchenice.it\/?page_id=15255"]}]},{"@type":"BreadcrumbList","@id":"https:\/\/kitchenice.it\/?page_id=15255#breadcrumb","itemListElement":[{"@type":"ListItem","position":1,"name":"Home","item":"https:\/\/kitchenice.it\/"},{"@type":"ListItem","position":2,"name":"Chi siamo"}]},{"@type":"WebSite","@id":"https:\/\/kitchenice.it\/#website","url":"https:\/\/kitchenice.it\/","name":"kitchenice.it","description":"Gelato Cucinato - Riccione","potentialAction":[{"@type":"SearchAction","target":{"@type":"EntryPoint","urlTemplate":"https:\/\/kitchenice.it\/?s={search_term_string}"},"query-input":"required name=search_term_string"}],"inLanguage":"it-IT"}]}},"_links":{"self":[{"href":"https:\/\/kitchenice.it\/index.php?rest_route=\/wp\/v2\/pages\/15255"}],"collection":[{"href":"https:\/\/kitchenice.it\/index.php?rest_route=\/wp\/v2\/pages"}],"about":[{"href":"https:\/\/kitchenice.it\/index.php?rest_route=\/wp\/v2\/types\/page"}],"author":[{"embeddable":true,"href":"https:\/\/kitchenice.it\/index.php?rest_route=\/wp\/v2\/users\/6"}],"replies":[{"embeddable":true,"href":"https:\/\/kitchenice.it\/index.php?rest_route=%2Fwp%2Fv2%2Fcomments&post=15255"}],"version-history":[{"count":7,"href":"https:\/\/kitchenice.it\/index.php?rest_route=\/wp\/v2\/pages\/15255\/revisions"}],"predecessor-version":[{"id":15775,"href":"https:\/\/kitchenice.it\/index.php?rest_route=\/wp\/v2\/pages\/15255\/revisions\/15775"}],"wp:attachment":[{"href":"https:\/\/kitchenice.it\/index.php?rest_route=%2Fwp%2Fv2%2Fmedia&parent=15255"}],"curies":[{"name":"wp","href":"https:\/\/api.w.org\/{rel}","templated":true}]}}